{"id":43,"date":"2026-03-10T11:40:21","date_gmt":"2026-03-10T11:40:21","guid":{"rendered":"http:\/\/elodieflick.com\/index.php\/home\/"},"modified":"2026-03-13T12:40:37","modified_gmt":"2026-03-13T12:40:37","slug":"accueil","status":"publish","type":"page","link":"https:\/\/elodieflick.com\/","title":{"rendered":"Accueil"},"content":{"rendered":"\t\t<div data-elementor-type=\"wp-page\" data-elementor-id=\"43\" class=\"elementor elementor-43\">\n\t\t\t\t<div class=\"elementor-element elementor-element-76d3cf7 e-flex e-con-boxed e-con e-parent\" data-id=\"76d3cf7\" data-element_type=\"container\" data-e-type=\"container\">\n\t\t\t\t\t<div class=\"e-con-inner\">\n\t\t<div class=\"elementor-element elementor-element-f10748a e-con-full e-flex e-con e-child\" data-id=\"f10748a\" data-element_type=\"container\" data-e-type=\"container\">\n\t\t\t\t<div class=\"elementor-element elementor-element-d1c177a elementor-widget elementor-widget-heading\" data-id=\"d1c177a\" data-element_type=\"widget\" data-e-type=\"widget\" data-widget_type=\"heading.default\">\n\t\t\t\t\t<h2 class=\"elementor-heading-title elementor-size-default\">Elodie FLICK<\/h2>\t\t\t\t<\/div>\n\t\t\t\t<div class=\"elementor-element elementor-element-1cef3be elementor-widget elementor-widget-text-editor\" data-id=\"1cef3be\" data-element_type=\"widget\" data-e-type=\"widget\" data-widget_type=\"text-editor.default\">\n\t\t\t\t\t\t\t\t\t<p>Cr\u00e9atrice fran\u00e7aise \u2014 broderie, couture &amp; cr\u00e9ations artisanales<\/p>\t\t\t\t\t\t\t\t<\/div>\n\t\t\t\t<\/div>\n\t\t\t\t\t<\/div>\n\t\t\t\t<\/div>\n\t\t<div class=\"elementor-element elementor-element-094ac66 e-con-full e-flex e-con e-parent\" data-id=\"094ac66\" data-element_type=\"container\" data-e-type=\"container\">\n\t\t<div class=\"elementor-element elementor-element-c5a6f32 e-con-full e-flex e-con e-child\" data-id=\"c5a6f32\" data-element_type=\"container\" data-e-type=\"container\">\n\t\t\t\t<div class=\"elementor-element elementor-element-03e8975 elementor-widget elementor-widget-image\" data-id=\"03e8975\" data-element_type=\"widget\" data-e-type=\"widget\" data-widget_type=\"image.default\">\n\t\t\t\t\t\t\t\t\t\t\t\t\t\t\t\t<a href=\"https:\/\/maitreberet.com\/\">\n\t\t\t\t\t\t\t<img fetchpriority=\"high\" decoding=\"async\" width=\"768\" height=\"1024\" src=\"https:\/\/elodieflick.com\/wp-content\/uploads\/2026\/03\/IMG-20240530-WA0013-768x1024.jpg\" class=\"elementor-animation-float attachment-large size-large wp-image-254\" alt=\"\" srcset=\"https:\/\/elodieflick.com\/wp-content\/uploads\/2026\/03\/IMG-20240530-WA0013-768x1023.jpg 768w, https:\/\/elodieflick.com\/wp-content\/uploads\/2026\/03\/IMG-20240530-WA0013-225x300.jpg 225w, https:\/\/elodieflick.com\/wp-content\/uploads\/2026\/03\/IMG-20240530-WA0013-1153x1536.jpg 1153w, https:\/\/elodieflick.com\/wp-content\/uploads\/2026\/03\/IMG-20240530-WA0013.jpg 1200w\" sizes=\"(max-width: 768px) 100vw, 768px\" \/>\t\t\t\t\t\t\t\t<\/a>\n\t\t\t\t\t\t\t\t\t\t\t\t\t\t\t<\/div>\n\t\t\t\t<div class=\"elementor-element elementor-element-528d3b1 elementor-widget elementor-widget-heading\" data-id=\"528d3b1\" data-element_type=\"widget\" data-e-type=\"widget\" data-widget_type=\"heading.default\">\n\t\t\t\t\t<h2 class=\"elementor-heading-title elementor-size-default\">Ma\u00eetre B\u00e9ret<\/h2>\t\t\t\t<\/div>\n\t\t\t\t<div class=\"elementor-element elementor-element-f581767 elementor-widget elementor-widget-text-editor\" data-id=\"f581767\" data-element_type=\"widget\" data-e-type=\"widget\" data-widget_type=\"text-editor.default\">\n\t\t\t\t\t\t\t\t\t<p><em>B\u00e9rets fran\u00e7ais brod\u00e9s \u00e0 la main<\/em><\/p>\t\t\t\t\t\t\t\t<\/div>\n\t\t\t\t<div class=\"elementor-element elementor-element-dd01d66 elementor-widget elementor-widget-text-editor\" data-id=\"dd01d66\" data-element_type=\"widget\" data-e-type=\"widget\" data-widget_type=\"text-editor.default\">\n\t\t\t\t\t\t\t\t\t<p>Des pi\u00e8ces uniques entre savoir-faire ancestral et \u00e9l\u00e9gance Haute Couture. Pour celles et ceux qui portent l&rsquo;art.<\/p>\t\t\t\t\t\t\t\t<\/div>\n\t\t\t\t<div class=\"elementor-element elementor-element-40c0668 elementor-widget elementor-widget-button\" data-id=\"40c0668\" data-element_type=\"widget\" data-e-type=\"widget\" data-widget_type=\"button.default\">\n\t\t\t\t\t\t\t\t\t\t<a class=\"elementor-button elementor-button-link elementor-size-sm\" href=\"https:\/\/maitreberet.com\/\">\n\t\t\t\t\t\t<span class=\"elementor-button-content-wrapper\">\n\t\t\t\t\t\t\t\t\t<span class=\"elementor-button-text\">D\u00e9couvrir<\/span>\n\t\t\t\t\t<\/span>\n\t\t\t\t\t<\/a>\n\t\t\t\t\t\t\t\t<\/div>\n\t\t\t\t<\/div>\n\t\t<div class=\"elementor-element elementor-element-f3e12c8 e-con-full e-flex e-con e-child\" data-id=\"f3e12c8\" data-element_type=\"container\" data-e-type=\"container\">\n\t\t\t\t<div class=\"elementor-element elementor-element-d4448cc elementor-widget elementor-widget-image\" data-id=\"d4448cc\" data-element_type=\"widget\" data-e-type=\"widget\" data-widget_type=\"image.default\">\n\t\t\t\t\t\t\t\t\t\t\t\t\t\t\t\t<a href=\"https:\/\/elodieflick.com\/index.php\/the-goose-life\/\">\n\t\t\t\t\t\t\t<img decoding=\"async\" width=\"768\" height=\"1024\" src=\"https:\/\/elodieflick.com\/wp-content\/uploads\/2026\/03\/Goose-768x1024.jpg\" class=\"elementor-animation-float attachment-large size-large wp-image-255\" alt=\"\" srcset=\"https:\/\/elodieflick.com\/wp-content\/uploads\/2026\/03\/Goose-768x1024.jpg 768w, https:\/\/elodieflick.com\/wp-content\/uploads\/2026\/03\/Goose-225x300.jpg 225w, https:\/\/elodieflick.com\/wp-content\/uploads\/2026\/03\/Goose-1152x1536.jpg 1152w, https:\/\/elodieflick.com\/wp-content\/uploads\/2026\/03\/Goose.jpg 1500w\" sizes=\"(max-width: 768px) 100vw, 768px\" \/>\t\t\t\t\t\t\t\t<\/a>\n\t\t\t\t\t\t\t\t\t\t\t\t\t\t\t<\/div>\n\t\t\t\t<div class=\"elementor-element elementor-element-9e85bbc elementor-widget elementor-widget-heading\" data-id=\"9e85bbc\" data-element_type=\"widget\" data-e-type=\"widget\" data-widget_type=\"heading.default\">\n\t\t\t\t\t<h2 class=\"elementor-heading-title elementor-size-default\">The Goose Life<\/h2>\t\t\t\t<\/div>\n\t\t\t\t<div class=\"elementor-element elementor-element-2d06585 elementor-widget elementor-widget-text-editor\" data-id=\"2d06585\" data-element_type=\"widget\" data-e-type=\"widget\" data-widget_type=\"text-editor.default\">\n\t\t\t\t\t\t\t\t\t<p><em>Cr\u00e9ations couture &amp; peluches artisanales<\/em><\/p>\t\t\t\t\t\t\t\t<\/div>\n\t\t\t\t<div class=\"elementor-element elementor-element-575a309 elementor-widget elementor-widget-text-editor\" data-id=\"575a309\" data-element_type=\"widget\" data-e-type=\"widget\" data-widget_type=\"text-editor.default\">\n\t\t\t\t\t\t\t\t\t<p>Oies cousues main, sacs originaux, accessoires \u2014 des objets espi\u00e8gle et attachants, fabriqu\u00e9s en France avec amour.<\/p>\t\t\t\t\t\t\t\t<\/div>\n\t\t\t\t<div class=\"elementor-element elementor-element-859ea4e elementor-widget elementor-widget-button\" data-id=\"859ea4e\" data-element_type=\"widget\" data-e-type=\"widget\" data-widget_type=\"button.default\">\n\t\t\t\t\t\t\t\t\t\t<a class=\"elementor-button elementor-button-link elementor-size-sm\" href=\"https:\/\/elodieflick.com\/index.php\/the-goose-life\/\">\n\t\t\t\t\t\t<span class=\"elementor-button-content-wrapper\">\n\t\t\t\t\t\t\t\t\t<span class=\"elementor-button-text\">D\u00e9couvrir<\/span>\n\t\t\t\t\t<\/span>\n\t\t\t\t\t<\/a>\n\t\t\t\t\t\t\t\t<\/div>\n\t\t\t\t<\/div>\n\t\t<div class=\"elementor-element elementor-element-3793461 e-con-full e-flex e-con e-child\" data-id=\"3793461\" data-element_type=\"container\" data-e-type=\"container\">\n\t\t\t\t<div class=\"elementor-element elementor-element-1805963 elementor-widget elementor-widget-image\" data-id=\"1805963\" data-element_type=\"widget\" data-e-type=\"widget\" data-widget_type=\"image.default\">\n\t\t\t\t\t\t\t\t\t\t\t\t\t\t\t\t<a href=\"#\">\n\t\t\t\t\t\t\t<img decoding=\"async\" width=\"800\" height=\"800\" src=\"https:\/\/elodieflick.com\/wp-content\/uploads\/2026\/03\/AdobeStock_1329113207_Preview.jpeg\" class=\"elementor-animation-float attachment-large size-large wp-image-256\" alt=\"\" srcset=\"https:\/\/elodieflick.com\/wp-content\/uploads\/2026\/03\/AdobeStock_1329113207_Preview.jpeg 1000w, https:\/\/elodieflick.com\/wp-content\/uploads\/2026\/03\/AdobeStock_1329113207_Preview-300x300.jpeg 300w, https:\/\/elodieflick.com\/wp-content\/uploads\/2026\/03\/AdobeStock_1329113207_Preview-150x150.jpeg 150w, https:\/\/elodieflick.com\/wp-content\/uploads\/2026\/03\/AdobeStock_1329113207_Preview-768x768.jpeg 768w\" sizes=\"(max-width: 800px) 100vw, 800px\" \/>\t\t\t\t\t\t\t\t<\/a>\n\t\t\t\t\t\t\t\t\t\t\t\t\t\t\t<\/div>\n\t\t\t\t<div class=\"elementor-element elementor-element-e3bca68 elementor-widget elementor-widget-heading\" data-id=\"e3bca68\" data-element_type=\"widget\" data-e-type=\"widget\" data-widget_type=\"heading.default\">\n\t\t\t\t\t<h2 class=\"elementor-heading-title elementor-size-default\">FLK Cr\u00e9ations<\/h2>\t\t\t\t<\/div>\n\t\t\t\t<div class=\"elementor-element elementor-element-9aa532f elementor-widget elementor-widget-text-editor\" data-id=\"9aa532f\" data-element_type=\"widget\" data-e-type=\"widget\" data-widget_type=\"text-editor.default\">\n\t\t\t\t\t\t\t\t\t<p><em>Sacs &amp; accessoires cousus main<\/em><\/p>\t\t\t\t\t\t\t\t<\/div>\n\t\t\t\t<div class=\"elementor-element elementor-element-eb3e30e elementor-widget elementor-widget-text-editor\" data-id=\"eb3e30e\" data-element_type=\"widget\" data-e-type=\"widget\" data-widget_type=\"text-editor.default\">\n\t\t\t\t\t\t\t\t\t<p>Sacs banane, sacs de plage en forme de fruits et l\u00e9gumes, bobs et accessoires \u2014 des pi\u00e8ces originales, color\u00e9es, fabriqu\u00e9es en France avec de beaux mat\u00e9riaux.<\/p>\t\t\t\t\t\t\t\t<\/div>\n\t\t\t\t<div class=\"elementor-element elementor-element-dab6f35 elementor-widget elementor-widget-button\" data-id=\"dab6f35\" data-element_type=\"widget\" data-e-type=\"widget\" data-widget_type=\"button.default\">\n\t\t\t\t\t\t\t\t\t\t<a class=\"elementor-button elementor-button-link elementor-size-sm\" href=\"#\">\n\t\t\t\t\t\t<span class=\"elementor-button-content-wrapper\">\n\t\t\t\t\t\t\t\t\t<span class=\"elementor-button-text\">D\u00e9couvrir<\/span>\n\t\t\t\t\t<\/span>\n\t\t\t\t\t<\/a>\n\t\t\t\t\t\t\t\t<\/div>\n\t\t\t\t<\/div>\n\t\t\t\t<\/div>\n\t\t<div class=\"elementor-element elementor-element-7d4e39ee e-con-full e-flex e-con e-parent\" data-id=\"7d4e39ee\" data-element_type=\"container\" data-e-type=\"container\">\n\t\t\t\t<div class=\"elementor-element elementor-element-35039363 elementor-widget__width-initial elementor-widget elementor-widget-heading\" data-id=\"35039363\" data-element_type=\"widget\" data-e-type=\"widget\" data-widget_type=\"heading.default\">\n\t\t\t\t\t<h2 class=\"elementor-heading-title elementor-size-default\">Cr\u00e9ations uniques, faites main, port\u00e9es avec fiert\u00e9.<\/h2>\t\t\t\t<\/div>\n\t\t\t\t<\/div>\n\t\t<div class=\"elementor-element elementor-element-f5ac640 e-con-full e-flex e-con e-parent\" data-id=\"f5ac640\" data-element_type=\"container\" data-e-type=\"container\" data-settings=\"{&quot;background_background&quot;:&quot;classic&quot;}\">\n\t\t\t\t<div class=\"elementor-element elementor-element-eceae1b elementor-widget elementor-widget-heading\" data-id=\"eceae1b\" data-element_type=\"widget\" data-e-type=\"widget\" data-widget_type=\"heading.default\">\n\t\t\t\t\t<h2 class=\"elementor-heading-title elementor-size-default\">elodie FLICK<\/h2>\t\t\t\t<\/div>\n\t\t\t\t<div class=\"elementor-element elementor-element-e3239ae elementor-widget__width-initial elementor-widget elementor-widget-text-editor\" data-id=\"e3239ae\" data-element_type=\"widget\" data-e-type=\"widget\" data-widget_type=\"text-editor.default\">\n\t\t\t\t\t\t\t\t\t<blockquote><p style=\"text-align: center;\">\u00ab\u00a0Je crois que les objets faits \u00e0 la main portent quelque chose d&rsquo;irrempla\u00e7able \u2014 le temps qu&rsquo;on y met, l&rsquo;attention qu&rsquo;on y glisse, et la fiert\u00e9 de tenir entre ses mains quelque chose de vrai.\u00a0\u00bb<\/p><\/blockquote>\t\t\t\t\t\t\t\t<\/div>\n\t\t\t\t<div class=\"elementor-element elementor-element-d371a57 elementor-widget elementor-widget-heading\" data-id=\"d371a57\" data-element_type=\"widget\" data-e-type=\"widget\" data-widget_type=\"heading.default\">\n\t\t\t\t\t<h2 class=\"elementor-heading-title elementor-size-default\">What others say about Oubl\u00e9 <\/h2>\t\t\t\t<\/div>\n\t\t\t\t<\/div>\n\t\t\t\t<\/div>\n\t\t","protected":false},"excerpt":{"rendered":"<p>Elodie FLICK Cr\u00e9atrice fran\u00e7aise \u2014 broderie, couture &amp; cr\u00e9ations artisanales Ma\u00eetre B\u00e9ret B\u00e9rets fran\u00e7ais brod\u00e9s \u00e0 la main Des pi\u00e8ces uniques entre savoir-faire ancestral et \u00e9l\u00e9gance Haute Couture. Pour celles et ceux qui portent l&rsquo;art. D\u00e9couvrir The Goose Life Cr\u00e9ations couture &amp; peluches artisanales Oies cousues main, sacs originaux, accessoires \u2014 des objets espi\u00e8gle et [&hellip;]<\/p>\n","protected":false},"author":1,"featured_media":63,"parent":0,"menu_order":0,"comment_status":"closed","ping_status":"closed","template":"elementor_header_footer","meta":{"footnotes":""},"class_list":["post-43","page","type-page","status-publish","has-post-thumbnail","hentry"],"_links":{"self":[{"href":"https:\/\/elodieflick.com\/index.php\/wp-json\/wp\/v2\/pages\/43","targetHints":{"allow":["GET"]}}],"collection":[{"href":"https:\/\/elodieflick.com\/index.php\/wp-json\/wp\/v2\/pages"}],"about":[{"href":"https:\/\/elodieflick.com\/index.php\/wp-json\/wp\/v2\/types\/page"}],"author":[{"embeddable":true,"href":"https:\/\/elodieflick.com\/index.php\/wp-json\/wp\/v2\/users\/1"}],"replies":[{"embeddable":true,"href":"https:\/\/elodieflick.com\/index.php\/wp-json\/wp\/v2\/comments?post=43"}],"version-history":[{"count":173,"href":"https:\/\/elodieflick.com\/index.php\/wp-json\/wp\/v2\/pages\/43\/revisions"}],"predecessor-version":[{"id":590,"href":"https:\/\/elodieflick.com\/index.php\/wp-json\/wp\/v2\/pages\/43\/revisions\/590"}],"wp:featuredmedia":[{"embeddable":true,"href":"https:\/\/elodieflick.com\/index.php\/wp-json\/wp\/v2\/media\/63"}],"wp:attachment":[{"href":"https:\/\/elodieflick.com\/index.php\/wp-json\/wp\/v2\/media?parent=43"}],"curies":[{"name":"wp","href":"https:\/\/api.w.org\/{rel}","templated":true}]}}